{"id":15,"date":"2020-03-04T18:57:42","date_gmt":"2020-03-04T21:57:42","guid":{"rendered":"https:\/\/www.vagadeempregosp.com.br\/?page_id=15"},"modified":"2026-01-11T14:25:26","modified_gmt":"2026-01-11T17:25:26","slug":"condiciones-de-uso","status":"publish","type":"page","link":"https:\/\/www.vagadeempregosp.com.br\/es\/termos-de-uso\/","title":{"rendered":"Condiciones de uso"},"content":{"rendered":"<h1>Aceptaci\u00f3n de nuestras condiciones<\/h1>\n<p><a href=\"https:\/\/www.vagadeempregosp.com.br\/es\/\" target=\"_blank\" rel=\"noopener\">Puesto vacante S\u00e3o Paulo<\/a> es un sitio web que anuncia ofertas de empleo en el estado de S\u00e3o Paulo, disponible en la URL https:\/\/www.vagadeempregosp.com.br\/.<\/p>\n<p>Los Servicios est\u00e1n sujetos a las Condiciones de Uso (\u201cCondiciones\u201d), que podr\u00e1n actualizarse en cualquier momento y siempre que sea necesario. El sitio web de Vaga de Emprego SP tiene como objetivo facilitar la comunicaci\u00f3n digital entre el CANDIDATO y las empresas anunciantes. El sitio web de Vaga de Emprego SP no tiene la facultad legal de supervisar ni verificar la exactitud de la informaci\u00f3n transmitida por la empresa sobre las caracter\u00edsticas de la vacante anunciada.<\/p>\n<p>El sitio web Vaga de Emprego SP no es responsable del contenido ni de la veracidad de las ofertas de empleo, de las comunicaciones establecidas entre empresas y candidatos, ni de la conducci\u00f3n de los procesos de selecci\u00f3n por parte de las empresas que anuncian las vacantes, que son las \u00fanicas responsables de los mismos.<br \/>\nRespecto de las vacantes, comunicaciones y procesos de selecci\u00f3n que anuncien y\/o realicen, es responsabilidad del CANDIDATO salvaguardar sus mejores intereses, por lo que<br \/>\nEl CANDIDATO reconoce y acepta expresamente que el sitio web Vaga de Emprego SP no puede ser considerado responsable ante el CANDIDATO o cualquier otra parte.<br \/>\nEn tercer lugar, por los da\u00f1os y perjuicios de cualquier naturaleza que pudieran llegar a conocerse como consecuencia de dichas negociaciones, ya sean contractuales, extracontractuales o de cualquier otra \u00edndole.<\/p>\n<p>El sitio web de Vacantes de Empleo de S\u00e3o Paulo podr\u00e1 informar a sus usuarios sobre cambios significativos en sus T\u00e9rminos de Uso poni\u00e9ndolos a disposici\u00f3n en el Sitio; sin embargo, es responsabilidad del Usuario consultar los T\u00e9rminos peri\u00f3dicamente.<\/p>\n<p>Al acceder a nuestro sitio web, usted acepta estos T\u00e9rminos y Condiciones (\u201cT\u00e9rminos\u201d). Tambi\u00e9n acepta nuestra Pol\u00edtica de Privacidad, que forma parte integral de estos T\u00e9rminos, y acepta el uso de cookies en este sitio web.<\/p>\n<p>Si no est\u00e1 de acuerdo con alg\u00fan t\u00e9rmino o condici\u00f3n, directriz o cambios posteriores realizados en nuestro sitio web, le recomendamos que deje de usar el sitio inmediatamente.<\/p>","protected":false},"excerpt":{"rendered":"<p>Aceita\u00e7\u00e3o dos nossos Termos Vaga de Emprego S\u00e3o Paulo \u00e9 um site de an\u00fancios de vagas de emprego no Estado de S\u00e3o Paulo, dispon\u00edvel sob a URL https:\/\/www.vagadeempregosp.com.br\/. Os Servi\u00e7os est\u00e3o sujeitos aos Termos de Uso (&#8220;Termos&#8221;), que poder\u00e3o ser atualizados a qualquer momento e sempre que necess\u00e1rio. O site Vaga de Emprego SP atua&hellip;&nbsp;<\/p>","protected":false},"author":1,"featured_media":0,"parent":0,"menu_order":0,"comment_status":"closed","ping_status":"closed","template":"","meta":{"neve_meta_sidebar":"","neve_meta_container":"","neve_meta_enable_content_width":"","neve_meta_content_width":0,"neve_meta_title_alignment":"","neve_meta_author_avatar":"","neve_post_elements_order":"","neve_meta_disable_header":"","neve_meta_disable_footer":"","neve_meta_disable_title":"","footnotes":""},"class_list":["post-15","page","type-page","status-publish","hentry"],"yoast_head":"<!-- This site is optimized with the Yoast SEO plugin v27.1.1 - https:\/\/yoast.com\/product\/yoast-seo-wordpress\/ -->\n<title>Termos de Uso - Transformando Vidas com Tecnologia, Informa\u00e7\u00e3o e Oportunidades: Explore Nossa Jornada de Crescimento<\/title>\n<meta name=\"robots\" content=\"index, follow, max-snippet:-1, max-image-preview:large, max-video-preview:-1\" \/>\n<link rel=\"canonical\" href=\"https:\/\/www.vagadeempregosp.com.br\/es\/condiciones-de-uso\/\" \/>\n<meta property=\"og:locale\" content=\"es_ES\" \/>\n<meta property=\"og:type\" content=\"article\" \/>\n<meta property=\"og:title\" content=\"Termos de Uso - Transformando Vidas com Tecnologia, Informa\u00e7\u00e3o e Oportunidades: Explore Nossa Jornada de Crescimento\" \/>\n<meta property=\"og:description\" content=\"Aceita\u00e7\u00e3o dos nossos Termos Vaga de Emprego S\u00e3o Paulo \u00e9 um site de an\u00fancios de vagas de emprego no Estado de S\u00e3o Paulo, dispon\u00edvel sob a URL https:\/\/www.vagadeempregosp.com.br\/. Os Servi\u00e7os est\u00e3o sujeitos aos Termos de Uso (&#8220;Termos&#8221;), que poder\u00e3o ser atualizados a qualquer momento e sempre que necess\u00e1rio. O site Vaga de Emprego SP atua&hellip;&nbsp;\" \/>\n<meta property=\"og:url\" content=\"https:\/\/www.vagadeempregosp.com.br\/es\/condiciones-de-uso\/\" \/>\n<meta property=\"og:site_name\" content=\"Transformando Vidas com Tecnologia, Informa\u00e7\u00e3o e Oportunidades: Explore Nossa Jornada de Crescimento\" \/>\n<meta property=\"article:modified_time\" content=\"2026-01-11T17:25:26+00:00\" \/>\n<meta name=\"twitter:card\" content=\"summary_large_image\" \/>\n<meta name=\"twitter:label1\" content=\"Tiempo de lectura\" \/>\n\t<meta name=\"twitter:data1\" content=\"2 minutos\" \/>\n<script type=\"application\/ld+json\" class=\"yoast-schema-graph\">{\"@context\":\"https:\/\/schema.org\",\"@graph\":[{\"@type\":\"WebPage\",\"@id\":\"https:\/\/www.vagadeempregosp.com.br\/termos-de-uso\/\",\"url\":\"https:\/\/www.vagadeempregosp.com.br\/termos-de-uso\/\",\"name\":\"Termos de Uso - Transformando Vidas com Tecnologia, Informa\u00e7\u00e3o e Oportunidades: Explore Nossa Jornada de Crescimento\",\"isPartOf\":{\"@id\":\"https:\/\/www.vagadeempregosp.com.br\/#website\"},\"datePublished\":\"2020-03-04T21:57:42+00:00\",\"dateModified\":\"2026-01-11T17:25:26+00:00\",\"breadcrumb\":{\"@id\":\"https:\/\/www.vagadeempregosp.com.br\/termos-de-uso\/#breadcrumb\"},\"inLanguage\":\"es\",\"potentialAction\":[{\"@type\":\"ReadAction\",\"target\":[\"https:\/\/www.vagadeempregosp.com.br\/termos-de-uso\/\"]}]},{\"@type\":\"BreadcrumbList\",\"@id\":\"https:\/\/www.vagadeempregosp.com.br\/termos-de-uso\/#breadcrumb\",\"itemListElement\":[{\"@type\":\"ListItem\",\"position\":1,\"name\":\"In\u00edcio\",\"item\":\"https:\/\/www.vagadeempregosp.com.br\/\"},{\"@type\":\"ListItem\",\"position\":2,\"name\":\"Termos de Uso\"}]},{\"@type\":\"WebSite\",\"@id\":\"https:\/\/www.vagadeempregosp.com.br\/#website\",\"url\":\"https:\/\/www.vagadeempregosp.com.br\/\",\"name\":\"Transformando Vidas com Tecnologia, Informa\u00e7\u00e3o e Oportunidades: Explore Nossa Jornada de Crescimento\",\"description\":\"Transformando Vidas com Tecnologia, Informa\u00e7\u00e3o e Oportunidades: Explore Nossa Jornada de Crescimento\",\"potentialAction\":[{\"@type\":\"SearchAction\",\"target\":{\"@type\":\"EntryPoint\",\"urlTemplate\":\"https:\/\/www.vagadeempregosp.com.br\/?s={search_term_string}\"},\"query-input\":{\"@type\":\"PropertyValueSpecification\",\"valueRequired\":true,\"valueName\":\"search_term_string\"}}],\"inLanguage\":\"es\"}]}<\/script>\n<!-- \/ Yoast SEO plugin. -->","yoast_head_json":{"title":"Condiciones de uso - Transformar vidas con tecnolog\u00eda, informaci\u00f3n y oportunidades: Explore nuestro viaje de crecimiento","robots":{"index":"index","follow":"follow","max-snippet":"max-snippet:-1","max-image-preview":"max-image-preview:large","max-video-preview":"max-video-preview:-1"},"canonical":"https:\/\/www.vagadeempregosp.com.br\/es\/condiciones-de-uso\/","og_locale":"es_ES","og_type":"article","og_title":"Termos de Uso - Transformando Vidas com Tecnologia, Informa\u00e7\u00e3o e Oportunidades: Explore Nossa Jornada de Crescimento","og_description":"Aceita\u00e7\u00e3o dos nossos Termos Vaga de Emprego S\u00e3o Paulo \u00e9 um site de an\u00fancios de vagas de emprego no Estado de S\u00e3o Paulo, dispon\u00edvel sob a URL https:\/\/www.vagadeempregosp.com.br\/. Os Servi\u00e7os est\u00e3o sujeitos aos Termos de Uso (&#8220;Termos&#8221;), que poder\u00e3o ser atualizados a qualquer momento e sempre que necess\u00e1rio. O site Vaga de Emprego SP atua&hellip;&nbsp;","og_url":"https:\/\/www.vagadeempregosp.com.br\/es\/condiciones-de-uso\/","og_site_name":"Transformando Vidas com Tecnologia, Informa\u00e7\u00e3o e Oportunidades: Explore Nossa Jornada de Crescimento","article_modified_time":"2026-01-11T17:25:26+00:00","twitter_card":"summary_large_image","twitter_misc":{"Tiempo de lectura":"2 minutos"},"schema":{"@context":"https:\/\/schema.org","@graph":[{"@type":"WebPage","@id":"https:\/\/www.vagadeempregosp.com.br\/termos-de-uso\/","url":"https:\/\/www.vagadeempregosp.com.br\/termos-de-uso\/","name":"Condiciones de uso - Transformar vidas con tecnolog\u00eda, informaci\u00f3n y oportunidades: Explore nuestro viaje de crecimiento","isPartOf":{"@id":"https:\/\/www.vagadeempregosp.com.br\/#website"},"datePublished":"2020-03-04T21:57:42+00:00","dateModified":"2026-01-11T17:25:26+00:00","breadcrumb":{"@id":"https:\/\/www.vagadeempregosp.com.br\/termos-de-uso\/#breadcrumb"},"inLanguage":"es","potentialAction":[{"@type":"ReadAction","target":["https:\/\/www.vagadeempregosp.com.br\/termos-de-uso\/"]}]},{"@type":"BreadcrumbList","@id":"https:\/\/www.vagadeempregosp.com.br\/termos-de-uso\/#breadcrumb","itemListElement":[{"@type":"ListItem","position":1,"name":"In\u00edcio","item":"https:\/\/www.vagadeempregosp.com.br\/"},{"@type":"ListItem","position":2,"name":"Termos de Uso"}]},{"@type":"WebSite","@id":"https:\/\/www.vagadeempregosp.com.br\/#website","url":"https:\/\/www.vagadeempregosp.com.br\/","name":"Transformar vidas con tecnolog\u00eda, informaci\u00f3n y oportunidades: Explore nuestro viaje de crecimiento","description":"Transformar vidas con tecnolog\u00eda, informaci\u00f3n y oportunidades: Explore nuestro viaje de crecimiento","potentialAction":[{"@type":"SearchAction","target":{"@type":"EntryPoint","urlTemplate":"https:\/\/www.vagadeempregosp.com.br\/?s={search_term_string}"},"query-input":{"@type":"PropertyValueSpecification","valueRequired":true,"valueName":"search_term_string"}}],"inLanguage":"es"}]}},"_links":{"self":[{"href":"https:\/\/www.vagadeempregosp.com.br\/es\/wp-json\/wp\/v2\/pages\/15","targetHints":{"allow":["GET"]}}],"collection":[{"href":"https:\/\/www.vagadeempregosp.com.br\/es\/wp-json\/wp\/v2\/pages"}],"about":[{"href":"https:\/\/www.vagadeempregosp.com.br\/es\/wp-json\/wp\/v2\/types\/page"}],"author":[{"embeddable":true,"href":"https:\/\/www.vagadeempregosp.com.br\/es\/wp-json\/wp\/v2\/users\/1"}],"replies":[{"embeddable":true,"href":"https:\/\/www.vagadeempregosp.com.br\/es\/wp-json\/wp\/v2\/comments?post=15"}],"version-history":[{"count":12,"href":"https:\/\/www.vagadeempregosp.com.br\/es\/wp-json\/wp\/v2\/pages\/15\/revisions"}],"predecessor-version":[{"id":23258,"href":"https:\/\/www.vagadeempregosp.com.br\/es\/wp-json\/wp\/v2\/pages\/15\/revisions\/23258"}],"wp:attachment":[{"href":"https:\/\/www.vagadeempregosp.com.br\/es\/wp-json\/wp\/v2\/media?parent=15"}],"curies":[{"name":"wp","href":"https:\/\/api.w.org\/{rel}","templated":true}]}}