{"id":11,"date":"2020-03-04T18:56:51","date_gmt":"2020-03-04T21:56:51","guid":{"rendered":"https:\/\/www.vagadeempregosp.com.br\/?page_id=11"},"modified":"2026-01-11T14:26:15","modified_gmt":"2026-01-11T17:26:15","slug":"politica-de-privacidad-y-cookies","status":"publish","type":"page","link":"https:\/\/www.vagadeempregosp.com.br\/es\/politicas-de-privacidade-e-cookies\/","title":{"rendered":"Pol\u00edtica de privacidad y cookies"},"content":{"rendered":"<p>Pol\u00edtica Global de Privacidad y Protecci\u00f3n de Datos Personales de Vaga de Emprego SP<br \/>\nToda la informaci\u00f3n personal que recopile se utilizar\u00e1 para que su visita a nuestro sitio sea lo m\u00e1s productiva y agradable posible.<\/p>\n<p>La garant\u00eda de la confidencialidad de los datos personales de los usuarios de nuestro sitio es importante para Vaga Emprego SP.<\/p>\n<p>Toda la informaci\u00f3n personal relativa a los miembros, suscriptores, clientes o visitantes que utilicen Vaga Emprego SP ser\u00e1 tratada de acuerdo con la Ley de Protecci\u00f3n de Datos Personales de 26 de octubre de 1998 (Ley n\u00ba 67\/98).<\/p>\n<p>La informaci\u00f3n personal recopilada puede incluir su nombre, direcci\u00f3n de correo electr\u00f3nico, n\u00famero de tel\u00e9fono fijo y\/o m\u00f3vil, direcci\u00f3n, fecha de nacimiento y\/u otros.<\/p>\n<p>El uso de Vaga Emprego SP supone la aceptaci\u00f3n de este Acuerdo de Privacidad. El equipo de Vaga Emprego SP se reserva el derecho de modificar este acuerdo sin previo aviso. Por lo tanto, le recomendamos que consulte nuestra pol\u00edtica de privacidad con regularidad para estar siempre al d\u00eda.<\/p>\n<p>Nuestro sitio web puede contener enlaces a sitios web externos no gestionados por nosotros. Por favor, tenga en cuenta que no tenemos control sobre el contenido y las pr\u00e1cticas de estos sitios y no podemos aceptar responsabilidad por sus respectivas pol\u00edticas de privacidad.<\/p>\n<p>Usted es libre de rechazar nuestra solicitud de informaci\u00f3n personal, entendiendo que es posible que no podamos prestarle algunos de los servicios que desea. Su uso continuado de nuestro sitio web se considerar\u00e1 una aceptaci\u00f3n de nuestras pr\u00e1cticas en torno a la privacidad y la informaci\u00f3n personal. Si tiene alguna pregunta sobre c\u00f3mo tratamos los datos de los usuarios y la informaci\u00f3n personal, p\u00f3ngase en contacto con nosotros.<\/p>\n<p>Pol\u00edtica de cookies - \u00bfQu\u00e9 son las cookies?<\/p>\n<p>Como es pr\u00e1ctica habitual en casi todos los sitios web profesionales, este sitio utiliza cookies, que son peque\u00f1os archivos que se descargan en su ordenador para mejorar su experiencia.<\/p>\n<p>Esta p\u00e1gina describe qu\u00e9 informaci\u00f3n recogen, c\u00f3mo la utilizamos y por qu\u00e9 a veces necesitamos almacenar estas cookies. Tambi\u00e9n le explicaremos c\u00f3mo puede evitar que se almacenen estas cookies, aunque esto puede degradar o \"romper\" ciertos elementos de la funcionalidad del sitio.<\/p>\n<p>\u00bfC\u00f3mo utilizamos las cookies?<\/p>\n<p>Utilizamos cookies por varias razones, que se detallan a continuaci\u00f3n. Lamentablemente, en la mayor\u00eda de los casos, no existen opciones est\u00e1ndar en el sector para desactivar las cookies sin inhabilitar por completo la funcionalidad y las caracter\u00edsticas que a\u00f1aden a este sitio web.<\/p>\n<p>Se recomienda que abandone todas las cookies si no est\u00e1 seguro de si las necesita o no, en caso de que se utilicen para prestar un servicio que usted utilice.<\/p>\n<p>Deshabilitar las cookies<\/p>\n<p>Puede evitar la instalaci\u00f3n de cookies ajustando la configuraci\u00f3n de su navegador (consulte la Ayuda de su navegador para saber c\u00f3mo hacerlo).<\/p>\n<p>Tenga en cuenta que deshabilitar las cookies afectar\u00e1 a la funcionalidad de este y muchos otros sitios web que visite. Por lo general, la desactivaci\u00f3n de las cookies conllevar\u00e1 la desactivaci\u00f3n de determinadas funciones y caracter\u00edsticas de este sitio web. Por lo tanto, se recomienda no desactivar las cookies.<\/p>\n<p>Cookies que instalamos<\/p>\n<p>Cookies relacionadas con la cuenta Si crea una cuenta con nosotros, utilizaremos cookies para la gesti\u00f3n del proceso de inscripci\u00f3n y la administraci\u00f3n general.<\/p>\n<p>Por lo general, estas cookies se borrar\u00e1n cuando abandone el sistema, pero en algunos casos pueden permanecer despu\u00e9s para recordar sus preferencias del sitio web cuando lo abandone.<\/p>\n<p>Cookies relacionadas con el inicio de sesi\u00f3n<\/p>\n<p>Utilizamos cookies cuando inicia sesi\u00f3n para poder recordar esa acci\u00f3n. Esto evita que tenga que iniciar sesi\u00f3n cada vez que visita una p\u00e1gina nueva.<\/p>\n<p>Normalmente, estas cookies se eliminan o borran al cerrar la sesi\u00f3n para garantizar que s\u00f3lo pueda acceder a las funciones y \u00e1reas restringidas cuando inicie sesi\u00f3n.<\/p>\n<p>Cookies relacionadas con boletines por correo electr\u00f3nico<\/p>\n<p>Este sitio ofrece servicios de suscripci\u00f3n a boletines o correos electr\u00f3nicos, y las cookies pueden utilizarse para recordar si ya est\u00e1 registrado y para mostrar determinadas notificaciones v\u00e1lidas s\u00f3lo para usuarios suscritos\/no suscritos.<\/p>\n<p>Cookies relacionadas con la tramitaci\u00f3n de solicitudes<br \/>\nEste sitio web ofrece facilidades de comercio electr\u00f3nico o de pago y algunas cookies son esenciales para garantizar que su pedido sea recordado entre p\u00e1ginas para que podamos procesarlo correctamente.<\/p>\n<p>Cookies de b\u00fasqueda<\/p>\n<p>Peri\u00f3dicamente ofrecemos encuestas y cuestionarios para proporcionar informaci\u00f3n interesante, herramientas \u00fatiles o para comprender con mayor precisi\u00f3n nuestra base de usuarios.<\/p>\n<p>Estas encuestas pueden utilizar cookies para recordar qui\u00e9n ha participado ya en una encuesta o para proporcionar resultados precisos despu\u00e9s de cambiar de p\u00e1gina.<\/p>\n<p>Cookies de formulario<br \/>\nCuando se env\u00edan datos a trav\u00e9s de un formulario, como los que se encuentran en las p\u00e1ginas de contacto o en los formularios de comentarios, se pueden instalar cookies para recordar los datos del usuario para futuras correspondencias.<\/p>\n<p>Cookies de preferencias del sitio<br \/>\nPara ofrecerle una experiencia excelente en este sitio, le ofrecemos la posibilidad de establecer sus preferencias sobre el funcionamiento del mismo cuando lo utilice. Para recordar sus preferencias, necesitamos instalar cookies de modo que esta informaci\u00f3n pueda ser consultada cada vez que interact\u00fae con una p\u00e1gina afectada por sus preferencias.<\/p>\n<p>Cookies de terceros<br \/>\nEn algunos casos especiales, tambi\u00e9n utilizamos cookies proporcionadas por terceros de confianza. En la siguiente secci\u00f3n se detallan las cookies de terceros que puede encontrar a trav\u00e9s de este sitio web. Este sitio web utiliza Google Analytics, que es una de las soluciones de an\u00e1lisis m\u00e1s extendidas y fiables de la web, para ayudarnos a comprender c\u00f3mo utiliza el sitio web y c\u00f3mo podemos mejorar su experiencia.<\/p>\n<p>Estas cookies pueden rastrear cosas como el tiempo que pasa en el sitio y las p\u00e1ginas que visita, para que podamos seguir produciendo contenidos atractivos. Para m\u00e1s informaci\u00f3n sobre las cookies de Google Analytics, consulte la p\u00e1gina oficial de Google Analytics.<\/p>\n<p>Los an\u00e1lisis de terceros se utilizan para rastrear y medir el uso de este sitio web, de modo que podamos seguir produciendo contenidos atractivos. Estas cookies pueden rastrear cosas como el tiempo que pasa en el sitio o las p\u00e1ginas que visita, lo que nos ayuda a entender c\u00f3mo podemos mejorar el sitio para usted. Peri\u00f3dicamente probamos nuevas funciones y modificamos el aspecto del sitio.<\/p>\n<p>Cuando a\u00fan estamos probando nuevas funciones, estas cookies pueden utilizarse para garantizar que usted reciba una experiencia coherente mientras navega por el sitio, al tiempo que comprendemos qu\u00e9 optimizaciones aprecian m\u00e1s nuestros usuarios.<\/p>\n<p>Como vendemos productos, es importante para nosotros conocer las estad\u00edsticas sobre cu\u00e1ntos visitantes de nuestro sitio compran realmente, y este es el tipo de datos que rastrear\u00e1n estas cookies. Esto es importante para usted, ya que significa que podemos hacer predicciones comerciales precisas que nos permiten analizar nuestros costes de publicidad y productos para garantizar el mejor precio posible.<\/p>\n<p>Compromiso de los usuarios<br \/>\nEl usuario se compromete a hacer un uso adecuado de los contenidos e informaciones ofrecidos por vagadeempregorj.com.br en el sitio web, y ello con car\u00e1cter enunciativo pero no limitativo:<\/p>\n<p>A) No realizar actividades ilegales o contrarias a la buena fe o al orden p\u00fablico;<\/p>\n<p>B) No difundir propaganda o contenidos de car\u00e1cter racista o xen\u00f3fobo, ni casas de apuestas, juegos de azar, cualquier tipo de pornograf\u00eda ilegal, apolog\u00eda del terrorismo o contra los derechos humanos;<\/p>\n<p>C) No provocar da\u00f1os en los sistemas f\u00edsicos (hardware) y l\u00f3gicos (software) de vagadeempregorj.com.br, de sus proveedores o de terceras personas, introducir o difundir en la red virus inform\u00e1ticos o cualesquiera otros sistemas f\u00edsicos o l\u00f3gicos que sean susceptibles de provocar los da\u00f1os anteriormente mencionados.<\/p>\n<p>Pol\u00edticas de privacidad de terceros<br \/>\nLa Pol\u00edtica de Privacidad de vagadeempregorj.com.br no se aplica a otros anunciantes o sitios web. Por lo tanto, le aconsejamos que consulte las respectivas Pol\u00edticas de Privacidad de estos servidores de anuncios de terceros para obtener informaci\u00f3n m\u00e1s detallada. Esto puede incluir sus pr\u00e1cticas e instrucciones sobre c\u00f3mo desactivar ciertas opciones.<\/p>\n<p>Puede optar por desactivar las cookies a trav\u00e9s de las opciones individuales de su navegador. Puede encontrar informaci\u00f3n m\u00e1s detallada sobre la gesti\u00f3n de cookies con navegadores espec\u00edficos en los sitios web de los navegadores respectivos.<\/p>\n<p>Seguir leyendo<br \/>\nEsperemos que esto se haya aclarado y, como se mencion\u00f3 anteriormente, si hay algo que no est\u00e1 seguro de si necesita o no, generalmente es m\u00e1s seguro dejar las cookies habilitadas si interact\u00faa con una de las funciones que utiliza en nuestro sitio.<\/p>\n<p>Google utiliza cookies o identificadores \u00fanicos de dispositivo, en combinaci\u00f3n con sus propios datos, para mostrarle anuncios basados en su visita a vagadeempregorj.com.br y otros sitios web. Puede cancelar el uso de la cookie de Google visitando la pol\u00edtica de privacidad de Google relacionada.<\/p>\n<p>Para obtener m\u00e1s informaci\u00f3n sobre la publicidad dirigida y c\u00f3mo excluirse con su navegador y dispositivo espec\u00edficos, vaya a <a href=\"https:\/\/optout.aboutads.info\/?c=2&lang=EN\">DAA Webchoices Comprobaci\u00f3n del navegador<\/a> e <a href=\"https:\/\/optout.networkadvertising.org\/?c=1\">NAI Opt Out de la publicidad basada en intereses<\/a>.<\/p>\n<p>Versi\u00f3n actualizada en diciembre de 2023.<\/p>","protected":false},"excerpt":{"rendered":"<p>Pol\u00edtica Global de Privacidade e Prote\u00e7\u00e3o de Dados Pessoais do Vaga de Emprego SP Todas as suas informa\u00e7\u00f5es pessoais recolhidas, ser\u00e3o usadas para o ajudar a tornar a sua visita no nosso site o mais produtiva e agrad\u00e1vel poss\u00edvel. A garantia da confidencialidade dos dados pessoais dos utilizadores do nosso site \u00e9 importante para o&hellip;&nbsp;<\/p>","protected":false},"author":1,"featured_media":0,"parent":0,"menu_order":0,"comment_status":"closed","ping_status":"closed","template":"","meta":{"neve_meta_sidebar":"","neve_meta_container":"","neve_meta_enable_content_width":"","neve_meta_content_width":0,"neve_meta_title_alignment":"","neve_meta_author_avatar":"","neve_post_elements_order":"","neve_meta_disable_header":"","neve_meta_disable_footer":"","neve_meta_disable_title":"","footnotes":""},"class_list":["post-11","page","type-page","status-publish","hentry"],"yoast_head":"<!-- This site is optimized with the Yoast SEO plugin v27.5 - https:\/\/yoast.com\/product\/yoast-seo-wordpress\/ -->\n<title>Pol\u00edticas de Privacidade e Cookies - Transformando Vidas com Tecnologia, Informa\u00e7\u00e3o e Oportunidades: Explore Nossa Jornada de Crescimento<\/title>\n<meta name=\"robots\" content=\"noindex, nofollow\" \/>\n<meta property=\"og:locale\" content=\"es_ES\" \/>\n<meta property=\"og:type\" content=\"article\" \/>\n<meta property=\"og:title\" content=\"Pol\u00edticas de Privacidade e Cookies - Transformando Vidas com Tecnologia, Informa\u00e7\u00e3o e Oportunidades: Explore Nossa Jornada de Crescimento\" \/>\n<meta property=\"og:description\" content=\"Pol\u00edtica Global de Privacidade e Prote\u00e7\u00e3o de Dados Pessoais do Vaga de Emprego SP Todas as suas informa\u00e7\u00f5es pessoais recolhidas, ser\u00e3o usadas para o ajudar a tornar a sua visita no nosso site o mais produtiva e agrad\u00e1vel poss\u00edvel. A garantia da confidencialidade dos dados pessoais dos utilizadores do nosso site \u00e9 importante para o&hellip;&nbsp;\" \/>\n<meta property=\"og:url\" content=\"https:\/\/www.vagadeempregosp.com.br\/es\/politica-de-privacidad-y-cookies\/\" \/>\n<meta property=\"og:site_name\" content=\"Transformando Vidas com Tecnologia, Informa\u00e7\u00e3o e Oportunidades: Explore Nossa Jornada de Crescimento\" \/>\n<meta property=\"article:modified_time\" content=\"2026-01-11T17:26:15+00:00\" \/>\n<meta name=\"twitter:card\" content=\"summary_large_image\" \/>\n<meta name=\"twitter:label1\" content=\"Tiempo de lectura\" \/>\n\t<meta name=\"twitter:data1\" content=\"8 minutos\" \/>\n<script type=\"application\/ld+json\" class=\"yoast-schema-graph\">{\"@context\":\"https:\\\/\\\/schema.org\",\"@graph\":[{\"@type\":\"WebPage\",\"@id\":\"https:\\\/\\\/www.vagadeempregosp.com.br\\\/politicas-de-privacidade-e-cookies\\\/\",\"url\":\"https:\\\/\\\/www.vagadeempregosp.com.br\\\/politicas-de-privacidade-e-cookies\\\/\",\"name\":\"Pol\u00edticas de Privacidade e Cookies - Transformando Vidas com Tecnologia, Informa\u00e7\u00e3o e Oportunidades: Explore Nossa Jornada de Crescimento\",\"isPartOf\":{\"@id\":\"https:\\\/\\\/www.vagadeempregosp.com.br\\\/#website\"},\"datePublished\":\"2020-03-04T21:56:51+00:00\",\"dateModified\":\"2026-01-11T17:26:15+00:00\",\"breadcrumb\":{\"@id\":\"https:\\\/\\\/www.vagadeempregosp.com.br\\\/politicas-de-privacidade-e-cookies\\\/#breadcrumb\"},\"inLanguage\":\"es\",\"potentialAction\":[{\"@type\":\"ReadAction\",\"target\":[\"https:\\\/\\\/www.vagadeempregosp.com.br\\\/politicas-de-privacidade-e-cookies\\\/\"]}]},{\"@type\":\"BreadcrumbList\",\"@id\":\"https:\\\/\\\/www.vagadeempregosp.com.br\\\/politicas-de-privacidade-e-cookies\\\/#breadcrumb\",\"itemListElement\":[{\"@type\":\"ListItem\",\"position\":1,\"name\":\"In\u00edcio\",\"item\":\"https:\\\/\\\/www.vagadeempregosp.com.br\\\/\"},{\"@type\":\"ListItem\",\"position\":2,\"name\":\"Pol\u00edticas de Privacidade e Cookies\"}]},{\"@type\":\"WebSite\",\"@id\":\"https:\\\/\\\/www.vagadeempregosp.com.br\\\/#website\",\"url\":\"https:\\\/\\\/www.vagadeempregosp.com.br\\\/\",\"name\":\"Transformando Vidas com Tecnologia, Informa\u00e7\u00e3o e Oportunidades: Explore Nossa Jornada de Crescimento\",\"description\":\"Transformando Vidas com Tecnologia, Informa\u00e7\u00e3o e Oportunidades: Explore Nossa Jornada de Crescimento\",\"potentialAction\":[{\"@type\":\"SearchAction\",\"target\":{\"@type\":\"EntryPoint\",\"urlTemplate\":\"https:\\\/\\\/www.vagadeempregosp.com.br\\\/?s={search_term_string}\"},\"query-input\":{\"@type\":\"PropertyValueSpecification\",\"valueRequired\":true,\"valueName\":\"search_term_string\"}}],\"inLanguage\":\"es\"}]}<\/script>\n<!-- \/ Yoast SEO plugin. -->","yoast_head_json":{"title":"Pol\u00edticas de privacidad y cookies - Transformando vidas con tecnolog\u00eda, informaci\u00f3n y oportunidades: Explore nuestro viaje de crecimiento","robots":{"index":"noindex","follow":"nofollow"},"og_locale":"es_ES","og_type":"article","og_title":"Pol\u00edticas de Privacidade e Cookies - Transformando Vidas com Tecnologia, Informa\u00e7\u00e3o e Oportunidades: Explore Nossa Jornada de Crescimento","og_description":"Pol\u00edtica Global de Privacidade e Prote\u00e7\u00e3o de Dados Pessoais do Vaga de Emprego SP Todas as suas informa\u00e7\u00f5es pessoais recolhidas, ser\u00e3o usadas para o ajudar a tornar a sua visita no nosso site o mais produtiva e agrad\u00e1vel poss\u00edvel. A garantia da confidencialidade dos dados pessoais dos utilizadores do nosso site \u00e9 importante para o&hellip;&nbsp;","og_url":"https:\/\/www.vagadeempregosp.com.br\/es\/politica-de-privacidad-y-cookies\/","og_site_name":"Transformando Vidas com Tecnologia, Informa\u00e7\u00e3o e Oportunidades: Explore Nossa Jornada de Crescimento","article_modified_time":"2026-01-11T17:26:15+00:00","twitter_card":"summary_large_image","twitter_misc":{"Tiempo de lectura":"8 minutos"},"schema":{"@context":"https:\/\/schema.org","@graph":[{"@type":"WebPage","@id":"https:\/\/www.vagadeempregosp.com.br\/politicas-de-privacidade-e-cookies\/","url":"https:\/\/www.vagadeempregosp.com.br\/politicas-de-privacidade-e-cookies\/","name":"Pol\u00edticas de privacidad y cookies - Transformando vidas con tecnolog\u00eda, informaci\u00f3n y oportunidades: Explore nuestro viaje de crecimiento","isPartOf":{"@id":"https:\/\/www.vagadeempregosp.com.br\/#website"},"datePublished":"2020-03-04T21:56:51+00:00","dateModified":"2026-01-11T17:26:15+00:00","breadcrumb":{"@id":"https:\/\/www.vagadeempregosp.com.br\/politicas-de-privacidade-e-cookies\/#breadcrumb"},"inLanguage":"es","potentialAction":[{"@type":"ReadAction","target":["https:\/\/www.vagadeempregosp.com.br\/politicas-de-privacidade-e-cookies\/"]}]},{"@type":"BreadcrumbList","@id":"https:\/\/www.vagadeempregosp.com.br\/politicas-de-privacidade-e-cookies\/#breadcrumb","itemListElement":[{"@type":"ListItem","position":1,"name":"In\u00edcio","item":"https:\/\/www.vagadeempregosp.com.br\/"},{"@type":"ListItem","position":2,"name":"Pol\u00edticas de Privacidade e Cookies"}]},{"@type":"WebSite","@id":"https:\/\/www.vagadeempregosp.com.br\/#website","url":"https:\/\/www.vagadeempregosp.com.br\/","name":"Transformar vidas con tecnolog\u00eda, informaci\u00f3n y oportunidades: Explore nuestro viaje de crecimiento","description":"Transformar vidas con tecnolog\u00eda, informaci\u00f3n y oportunidades: Explore nuestro viaje de crecimiento","potentialAction":[{"@type":"SearchAction","target":{"@type":"EntryPoint","urlTemplate":"https:\/\/www.vagadeempregosp.com.br\/?s={search_term_string}"},"query-input":{"@type":"PropertyValueSpecification","valueRequired":true,"valueName":"search_term_string"}}],"inLanguage":"es"}]}},"_links":{"self":[{"href":"https:\/\/www.vagadeempregosp.com.br\/es\/wp-json\/wp\/v2\/pages\/11","targetHints":{"allow":["GET"]}}],"collection":[{"href":"https:\/\/www.vagadeempregosp.com.br\/es\/wp-json\/wp\/v2\/pages"}],"about":[{"href":"https:\/\/www.vagadeempregosp.com.br\/es\/wp-json\/wp\/v2\/types\/page"}],"author":[{"embeddable":true,"href":"https:\/\/www.vagadeempregosp.com.br\/es\/wp-json\/wp\/v2\/users\/1"}],"replies":[{"embeddable":true,"href":"https:\/\/www.vagadeempregosp.com.br\/es\/wp-json\/wp\/v2\/comments?post=11"}],"version-history":[{"count":12,"href":"https:\/\/www.vagadeempregosp.com.br\/es\/wp-json\/wp\/v2\/pages\/11\/revisions"}],"predecessor-version":[{"id":23261,"href":"https:\/\/www.vagadeempregosp.com.br\/es\/wp-json\/wp\/v2\/pages\/11\/revisions\/23261"}],"wp:attachment":[{"href":"https:\/\/www.vagadeempregosp.com.br\/es\/wp-json\/wp\/v2\/media?parent=11"}],"curies":[{"name":"wp","href":"https:\/\/api.w.org\/{rel}","templated":true}]}}