{"id":21240,"date":"2023-08-12T21:06:48","date_gmt":"2023-08-13T00:06:48","guid":{"rendered":"https:\/\/www.vagadeempregosp.com.br\/?page_id=21240"},"modified":"2026-01-11T14:29:51","modified_gmt":"2026-01-11T17:29:51","slug":"email-terms-of-use","status":"publish","type":"page","link":"https:\/\/www.vagadeempregosp.com.br\/en\/termos-de-uso-de-email\/","title":{"rendered":"E-mail Terms of Use"},"content":{"rendered":"<p>Vaga de Emprego SP E-mail Marketing Use Policy<\/p>\n<p>We understand the desire to skip over policies, but establishing clarity about your expectations and the services we offer is crucial. Our SP Job Vacancy Email Marketing Usage Policy outlines the interaction between our services and our users, observing relevant laws, regulations, and policies. <br \/>Below, we present essential details:<br \/><br \/>Mutual Responsibilities<br \/>We expect transparency, responsibility and respect from you when you use our services. In return, we promise to offer respect, clarity, honesty and responsibility. Our priority is to provide services, especially our Info-products, with absolute transparency. These terms and access to information are our guarantee for a fruitful relationship.<br \/><br \/>Specific Content<br \/>On our website, you will find relevant information about the financial market, services to improve your financial situation and investment-related content. This information comes from both our partners and experts in related fields.<br \/><br \/>Important Definitions Email Marketing: This encompasses sending text messages to email addresses, whether to inform about our services or to provide content about digital products. <br \/><br \/>User: Any individual aged 18 or older who has a valid email address registered with our provider, used for the email service. Opt-In: Indicates agreement to receive electronic messages from our team, either through registration or subscription. Job Opening SP: The blog that manages the sending of emails with info-product content.<br \/><br \/>Crucial terms<br \/>By registering through our &quot;QUIZ&quot; and opting to receive our notification\/message services related to Info-products, you agree to the terms presented here. We value our relationship with users and, therefore, the waiver of class action lawsuits is part of these terms. If you disagree in whole or in part, we offer arbitration as a solution before any legal action.<br \/><br \/>Acceptance<br \/>By registering for the \u201cQUIZ\u201d and clicking \u201cOpt-In,\u201d you affirm that you accept all the terms and conditions herein, including our Privacy Policy and General Terms and Conditions of Use. You also declare that you are over 18 years of age, the holder and sole owner of the registered email address, allowing you to receive emails from the portal.<br \/><br \/>Providers and Receiving<br \/>Our email marketing services are available to any provider that complies with international security standards and Brazilian law. Unsubscribe.<br \/>To ensure transparency, we&#039;ve included options to stop receiving future emails in the body of the messages, with an unsubscribe link. If you return to the &quot;QUIZ&quot; and register your email again, you will agree to these terms again.<br \/><br \/>Data protection<br \/>Your security is paramount. We take international and national measures to protect your personal information and data. We use encryption, SSL, DDoS and other technologies to ensure compliance with the General Data Protection Act (LGPD) and dispose of data securely.<br \/><br \/>Legislation and jurisdiction<br \/>By accepting our emails, you agree to the collection, processing, and storage of your data, as regulated by the LGPD (Brazilian General Data Protection Law). If you wish to revoke this consent, simply send a message to contato@vagadeempregosp.com.br. Any disputes will be governed by Brazilian law, with preference given to arbitration and, if necessary, to the court in Cianorte \u2013 PR.<\/p>\n\n\n<p><\/p>","protected":false},"excerpt":{"rendered":"<p>Email Marketing Usage Policy for Job Openings in S\u00e3o Paulo We understand the desire to skip the policies, but establishing clarity about your expectations and the services we offer is crucial. Our Email Marketing Usage Policy for Job Openings in S\u00e3o Paulo outlines the interaction between our services and our users, observing laws, regulations, and policies\u2026&nbsp;<\/p>","protected":false},"author":1,"featured_media":0,"parent":0,"menu_order":0,"comment_status":"closed","ping_status":"closed","template":"","meta":{"neve_meta_sidebar":"","neve_meta_container":"","neve_meta_enable_content_width":"","neve_meta_content_width":0,"neve_meta_title_alignment":"","neve_meta_author_avatar":"","neve_post_elements_order":"","neve_meta_disable_header":"","neve_meta_disable_footer":"","neve_meta_disable_title":"","footnotes":""},"class_list":["post-21240","page","type-page","status-publish","hentry"],"yoast_head":"<!-- This site is optimized with the Yoast SEO plugin v27.5 - https:\/\/yoast.com\/product\/yoast-seo-wordpress\/ -->\n<title>Termos de Uso de E-mail - Transformando Vidas com Tecnologia, Informa\u00e7\u00e3o e Oportunidades: Explore Nossa Jornada de Crescimento<\/title>\n<meta name=\"robots\" content=\"index, follow, max-snippet:-1, max-image-preview:large, max-video-preview:-1\" \/>\n<link rel=\"canonical\" href=\"https:\/\/www.vagadeempregosp.com.br\/en\/email-terms-of-use\/\" \/>\n<meta property=\"og:locale\" content=\"en_US\" \/>\n<meta property=\"og:type\" content=\"article\" \/>\n<meta property=\"og:title\" content=\"Termos de Uso de E-mail - Transformando Vidas com Tecnologia, Informa\u00e7\u00e3o e Oportunidades: Explore Nossa Jornada de Crescimento\" \/>\n<meta property=\"og:description\" content=\"Pol\u00edtica de Uso do E-mail Marketing Vaga de Emprego SP Entendemos a vontade de pular as pol\u00edticas, mas estabelecer clareza sobre suas expectativas e os servi\u00e7os que oferecemos \u00e9 crucial. Nossa Pol\u00edtica de Uso do E-mail Marketing Vaga de Emprego SP delineia a intera\u00e7\u00e3o entre nossos servi\u00e7os e nossos usu\u00e1rios, observando leis, regulamentos e pol\u00edticas&hellip;&nbsp;\" \/>\n<meta property=\"og:url\" content=\"https:\/\/www.vagadeempregosp.com.br\/en\/email-terms-of-use\/\" \/>\n<meta property=\"og:site_name\" content=\"Transformando Vidas com Tecnologia, Informa\u00e7\u00e3o e Oportunidades: Explore Nossa Jornada de Crescimento\" \/>\n<meta property=\"article:modified_time\" content=\"2026-01-11T17:29:51+00:00\" \/>\n<meta name=\"twitter:card\" content=\"summary_large_image\" \/>\n<meta name=\"twitter:label1\" content=\"Est. reading time\" \/>\n\t<meta name=\"twitter:data1\" content=\"3 minutes\" \/>\n<script type=\"application\/ld+json\" class=\"yoast-schema-graph\">{\"@context\":\"https:\\\/\\\/schema.org\",\"@graph\":[{\"@type\":\"WebPage\",\"@id\":\"https:\\\/\\\/www.vagadeempregosp.com.br\\\/termos-de-uso-de-email\\\/\",\"url\":\"https:\\\/\\\/www.vagadeempregosp.com.br\\\/termos-de-uso-de-email\\\/\",\"name\":\"Termos de Uso de E-mail - Transformando Vidas com Tecnologia, Informa\u00e7\u00e3o e Oportunidades: Explore Nossa Jornada de Crescimento\",\"isPartOf\":{\"@id\":\"https:\\\/\\\/www.vagadeempregosp.com.br\\\/#website\"},\"datePublished\":\"2023-08-13T00:06:48+00:00\",\"dateModified\":\"2026-01-11T17:29:51+00:00\",\"breadcrumb\":{\"@id\":\"https:\\\/\\\/www.vagadeempregosp.com.br\\\/termos-de-uso-de-email\\\/#breadcrumb\"},\"inLanguage\":\"en-US\",\"potentialAction\":[{\"@type\":\"ReadAction\",\"target\":[\"https:\\\/\\\/www.vagadeempregosp.com.br\\\/termos-de-uso-de-email\\\/\"]}]},{\"@type\":\"BreadcrumbList\",\"@id\":\"https:\\\/\\\/www.vagadeempregosp.com.br\\\/termos-de-uso-de-email\\\/#breadcrumb\",\"itemListElement\":[{\"@type\":\"ListItem\",\"position\":1,\"name\":\"In\u00edcio\",\"item\":\"https:\\\/\\\/www.vagadeempregosp.com.br\\\/\"},{\"@type\":\"ListItem\",\"position\":2,\"name\":\"Termos de Uso de E-mail\"}]},{\"@type\":\"WebSite\",\"@id\":\"https:\\\/\\\/www.vagadeempregosp.com.br\\\/#website\",\"url\":\"https:\\\/\\\/www.vagadeempregosp.com.br\\\/\",\"name\":\"Transformando Vidas com Tecnologia, Informa\u00e7\u00e3o e Oportunidades: Explore Nossa Jornada de Crescimento\",\"description\":\"Transformando Vidas com Tecnologia, Informa\u00e7\u00e3o e Oportunidades: Explore Nossa Jornada de Crescimento\",\"potentialAction\":[{\"@type\":\"SearchAction\",\"target\":{\"@type\":\"EntryPoint\",\"urlTemplate\":\"https:\\\/\\\/www.vagadeempregosp.com.br\\\/?s={search_term_string}\"},\"query-input\":{\"@type\":\"PropertyValueSpecification\",\"valueRequired\":true,\"valueName\":\"search_term_string\"}}],\"inLanguage\":\"en-US\"}]}<\/script>\n<!-- \/ Yoast SEO plugin. -->","yoast_head_json":{"title":"E-mail Terms of Use - Transforming Lives with Technology, Information and Opportunities: Explore Our Growth Journey","robots":{"index":"index","follow":"follow","max-snippet":"max-snippet:-1","max-image-preview":"max-image-preview:large","max-video-preview":"max-video-preview:-1"},"canonical":"https:\/\/www.vagadeempregosp.com.br\/en\/email-terms-of-use\/","og_locale":"en_US","og_type":"article","og_title":"Termos de Uso de E-mail - Transformando Vidas com Tecnologia, Informa\u00e7\u00e3o e Oportunidades: Explore Nossa Jornada de Crescimento","og_description":"Pol\u00edtica de Uso do E-mail Marketing Vaga de Emprego SP Entendemos a vontade de pular as pol\u00edticas, mas estabelecer clareza sobre suas expectativas e os servi\u00e7os que oferecemos \u00e9 crucial. Nossa Pol\u00edtica de Uso do E-mail Marketing Vaga de Emprego SP delineia a intera\u00e7\u00e3o entre nossos servi\u00e7os e nossos usu\u00e1rios, observando leis, regulamentos e pol\u00edticas&hellip;&nbsp;","og_url":"https:\/\/www.vagadeempregosp.com.br\/en\/email-terms-of-use\/","og_site_name":"Transformando Vidas com Tecnologia, Informa\u00e7\u00e3o e Oportunidades: Explore Nossa Jornada de Crescimento","article_modified_time":"2026-01-11T17:29:51+00:00","twitter_card":"summary_large_image","twitter_misc":{"Est. reading time":"3 minutes"},"schema":{"@context":"https:\/\/schema.org","@graph":[{"@type":"WebPage","@id":"https:\/\/www.vagadeempregosp.com.br\/termos-de-uso-de-email\/","url":"https:\/\/www.vagadeempregosp.com.br\/termos-de-uso-de-email\/","name":"E-mail Terms of Use - Transforming Lives with Technology, Information and Opportunities: Explore Our Growth Journey","isPartOf":{"@id":"https:\/\/www.vagadeempregosp.com.br\/#website"},"datePublished":"2023-08-13T00:06:48+00:00","dateModified":"2026-01-11T17:29:51+00:00","breadcrumb":{"@id":"https:\/\/www.vagadeempregosp.com.br\/termos-de-uso-de-email\/#breadcrumb"},"inLanguage":"en-US","potentialAction":[{"@type":"ReadAction","target":["https:\/\/www.vagadeempregosp.com.br\/termos-de-uso-de-email\/"]}]},{"@type":"BreadcrumbList","@id":"https:\/\/www.vagadeempregosp.com.br\/termos-de-uso-de-email\/#breadcrumb","itemListElement":[{"@type":"ListItem","position":1,"name":"In\u00edcio","item":"https:\/\/www.vagadeempregosp.com.br\/"},{"@type":"ListItem","position":2,"name":"Termos de Uso de E-mail"}]},{"@type":"WebSite","@id":"https:\/\/www.vagadeempregosp.com.br\/#website","url":"https:\/\/www.vagadeempregosp.com.br\/","name":"Transforming Lives with Technology, Information and Opportunities: Explore Our Growth Journey","description":"Transforming Lives with Technology, Information and Opportunities: Explore Our Growth Journey","potentialAction":[{"@type":"SearchAction","target":{"@type":"EntryPoint","urlTemplate":"https:\/\/www.vagadeempregosp.com.br\/?s={search_term_string}"},"query-input":{"@type":"PropertyValueSpecification","valueRequired":true,"valueName":"search_term_string"}}],"inLanguage":"en-US"}]}},"_links":{"self":[{"href":"https:\/\/www.vagadeempregosp.com.br\/en\/wp-json\/wp\/v2\/pages\/21240","targetHints":{"allow":["GET"]}}],"collection":[{"href":"https:\/\/www.vagadeempregosp.com.br\/en\/wp-json\/wp\/v2\/pages"}],"about":[{"href":"https:\/\/www.vagadeempregosp.com.br\/en\/wp-json\/wp\/v2\/types\/page"}],"author":[{"embeddable":true,"href":"https:\/\/www.vagadeempregosp.com.br\/en\/wp-json\/wp\/v2\/users\/1"}],"replies":[{"embeddable":true,"href":"https:\/\/www.vagadeempregosp.com.br\/en\/wp-json\/wp\/v2\/comments?post=21240"}],"version-history":[{"count":6,"href":"https:\/\/www.vagadeempregosp.com.br\/en\/wp-json\/wp\/v2\/pages\/21240\/revisions"}],"predecessor-version":[{"id":23265,"href":"https:\/\/www.vagadeempregosp.com.br\/en\/wp-json\/wp\/v2\/pages\/21240\/revisions\/23265"}],"wp:attachment":[{"href":"https:\/\/www.vagadeempregosp.com.br\/en\/wp-json\/wp\/v2\/media?parent=21240"}],"curies":[{"name":"wp","href":"https:\/\/api.w.org\/{rel}","templated":true}]}}