{"id":19,"date":"2020-03-04T19:03:48","date_gmt":"2020-03-04T22:03:48","guid":{"rendered":"https:\/\/www.vagadeempregosp.com.br\/?page_id=19"},"modified":"2026-01-11T14:26:58","modified_gmt":"2026-01-11T17:26:58","slug":"send-your-vacancy-here","status":"publish","type":"page","link":"https:\/\/www.vagadeempregosp.com.br\/en\/envie-sua-vaga-aqui\/","title":{"rendered":"Submit your VACANCY here!"},"content":{"rendered":"<p>CONTACT US: Contact Us to Build Together<\/p>\n<p>Our mission is to create an environment of transformation through technology, information and opportunities. Whether it's to share your ideas, clarify doubts or suggest improvements, we're here to listen to you. Join us on this journey of growth and change.<\/p>\n\n\n\n<div class=\"wpcf7 no-js\" id=\"wpcf7-f5-o1\" lang=\"pt-BR\" dir=\"ltr\" data-wpcf7-id=\"5\">\n<div class=\"screen-reader-response\"><p role=\"status\" aria-live=\"polite\" aria-atomic=\"true\"><\/p> <ul><\/ul><\/div>\n<form action=\"\/en\/wp-json\/wp\/v2\/pages\/19#wpcf7-f5-o1\" method=\"post\" class=\"wpcf7-form init\" aria-label=\"Contact forms\" novalidate=\"novalidate\" data-status=\"init\" data-trp-original-action=\"\/en\/wp-json\/wp\/v2\/pages\/19#wpcf7-f5-o1\">\n<fieldset class=\"hidden-fields-container\"><input type=\"hidden\" name=\"_wpcf7\" value=\"5\" \/><input type=\"hidden\" name=\"_wpcf7_version\" value=\"6.1.5\" \/><input type=\"hidden\" name=\"_wpcf7_locale\" value=\"pt_BR\" \/><input type=\"hidden\" name=\"_wpcf7_unit_tag\" value=\"wpcf7-f5-o1\" \/><input type=\"hidden\" name=\"_wpcf7_container_post\" value=\"0\" \/><input type=\"hidden\" name=\"_wpcf7_posted_data_hash\" value=\"\" \/>\n<\/fieldset>\n<p><label> Role: (required)<br \/>\n<span class=\"wpcf7-form-control-wrap\" data-name=\"your-name\"><input size=\"40\" maxlength=\"400\" class=\"wpcf7-form-control wpcf7-text wpcf7-validates-as-required\" aria-required=\"true\" aria-invalid=\"false\" value=\"\" type=\"text\" name=\"your-name\" \/><\/span> <\/label>\n<\/p>\n<p><label> Job description: (required)<br \/>\n<span class=\"wpcf7-form-control-wrap\" data-name=\"textarea-647\"><textarea cols=\"40\" rows=\"10\" maxlength=\"2000\" class=\"wpcf7-form-control wpcf7-textarea\" aria-invalid=\"false\" name=\"textarea-647\"><\/textarea><\/span> <\/label>\n<\/p>\n<p><label> Requirements: (mandatory)<br \/>\n<span class=\"wpcf7-form-control-wrap\" data-name=\"textarea-647\"><textarea cols=\"40\" rows=\"10\" maxlength=\"2000\" class=\"wpcf7-form-control wpcf7-textarea\" aria-invalid=\"false\" name=\"textarea-647\"><\/textarea><\/span> <\/label>\n<\/p>\n<p><label> Place of work: (required)<br \/>\n<span class=\"wpcf7-form-control-wrap\" data-name=\"text-754\"><input size=\"40\" maxlength=\"400\" class=\"wpcf7-form-control wpcf7-text\" aria-invalid=\"false\" value=\"\" type=\"text\" name=\"text-754\" \/><\/span> <\/label>\n<\/p>\n<p><label> Salary:<br \/>\n<span class=\"wpcf7-form-control-wrap\" data-name=\"text-754\"><input size=\"40\" maxlength=\"400\" class=\"wpcf7-form-control wpcf7-text\" aria-invalid=\"false\" value=\"\" type=\"text\" name=\"text-754\" \/><\/span> <\/label>\n<\/p>\n<p><label> Benefits:<br \/>\n<span class=\"wpcf7-form-control-wrap\" data-name=\"text-754\"><input size=\"40\" maxlength=\"400\" class=\"wpcf7-form-control wpcf7-text\" aria-invalid=\"false\" value=\"\" type=\"text\" name=\"text-754\" \/><\/span> <\/label>\n<\/p>\n<p><label> E-mail to receive CV: (required)<br \/>\n<span class=\"wpcf7-form-control-wrap\" data-name=\"text-754\"><input size=\"40\" maxlength=\"400\" class=\"wpcf7-form-control wpcf7-text\" aria-invalid=\"false\" value=\"\" type=\"text\" name=\"text-754\" \/><\/span> <\/label>\n<\/p>\n<p><input class=\"wpcf7-form-control wpcf7-submit has-spinner\" type=\"submit\" value=\"Send\" \/>\n<\/p><div class=\"wpcf7-response-output\" aria-hidden=\"true\"><\/div>\n<input type=\"hidden\" name=\"trp-form-language\" value=\"en\"\/><\/form>\n<\/div>","protected":false},"excerpt":{"rendered":"<p>CONTACT US: Get in touch so we can build together. Our mission is to create an environment of transformation through technology, information, and opportunities. Whether you want to share your ideas, clarify doubts, or suggest improvements, we are here to listen to you. Join us on this journey of growth and change.<\/p>","protected":false},"author":1,"featured_media":0,"parent":0,"menu_order":0,"comment_status":"closed","ping_status":"closed","template":"","meta":{"neve_meta_sidebar":"","neve_meta_container":"","neve_meta_enable_content_width":"","neve_meta_content_width":0,"neve_meta_title_alignment":"","neve_meta_author_avatar":"","neve_post_elements_order":"","neve_meta_disable_header":"","neve_meta_disable_footer":"","neve_meta_disable_title":"","footnotes":""},"class_list":["post-19","page","type-page","status-publish","hentry"],"yoast_head":"<!-- This site is optimized with the Yoast SEO plugin v27.1.1 - https:\/\/yoast.com\/product\/yoast-seo-wordpress\/ -->\n<title>Envie sua VAGA aqui! - Transformando Vidas com Tecnologia, Informa\u00e7\u00e3o e Oportunidades: Explore Nossa Jornada de Crescimento<\/title>\n<meta name=\"robots\" content=\"index, follow, max-snippet:-1, max-image-preview:large, max-video-preview:-1\" \/>\n<link rel=\"canonical\" href=\"https:\/\/www.vagadeempregosp.com.br\/en\/send-your-vacancy-here\/\" \/>\n<meta property=\"og:locale\" content=\"en_US\" \/>\n<meta property=\"og:type\" content=\"article\" \/>\n<meta property=\"og:title\" content=\"Envie sua VAGA aqui! - Transformando Vidas com Tecnologia, Informa\u00e7\u00e3o e Oportunidades: Explore Nossa Jornada de Crescimento\" \/>\n<meta property=\"og:description\" content=\"FALE CONOSCO: Entre em Contato para Construirmos Juntos Nossa miss\u00e3o \u00e9 criar um ambiente de transforma\u00e7\u00e3o atrav\u00e9s de tecnologia, informa\u00e7\u00e3o e oportunidades. Seja para compartilhar suas ideias, esclarecer d\u00favidas ou sugerir melhorias, estamos aqui para ouvir voc\u00ea. Junte-se a n\u00f3s nessa jornada de crescimento e mudan\u00e7a.\" \/>\n<meta property=\"og:url\" content=\"https:\/\/www.vagadeempregosp.com.br\/en\/send-your-vacancy-here\/\" \/>\n<meta property=\"og:site_name\" content=\"Transformando Vidas com Tecnologia, Informa\u00e7\u00e3o e Oportunidades: Explore Nossa Jornada de Crescimento\" \/>\n<meta property=\"article:modified_time\" content=\"2026-01-11T17:26:58+00:00\" \/>\n<meta name=\"twitter:card\" content=\"summary_large_image\" \/>\n<script type=\"application\/ld+json\" class=\"yoast-schema-graph\">{\"@context\":\"https:\/\/schema.org\",\"@graph\":[{\"@type\":\"WebPage\",\"@id\":\"https:\/\/www.vagadeempregosp.com.br\/envie-sua-vaga-aqui\/\",\"url\":\"https:\/\/www.vagadeempregosp.com.br\/envie-sua-vaga-aqui\/\",\"name\":\"Envie sua VAGA aqui! - Transformando Vidas com Tecnologia, Informa\u00e7\u00e3o e Oportunidades: Explore Nossa Jornada de Crescimento\",\"isPartOf\":{\"@id\":\"https:\/\/www.vagadeempregosp.com.br\/#website\"},\"datePublished\":\"2020-03-04T22:03:48+00:00\",\"dateModified\":\"2026-01-11T17:26:58+00:00\",\"breadcrumb\":{\"@id\":\"https:\/\/www.vagadeempregosp.com.br\/envie-sua-vaga-aqui\/#breadcrumb\"},\"inLanguage\":\"en-US\",\"potentialAction\":[{\"@type\":\"ReadAction\",\"target\":[\"https:\/\/www.vagadeempregosp.com.br\/envie-sua-vaga-aqui\/\"]}]},{\"@type\":\"BreadcrumbList\",\"@id\":\"https:\/\/www.vagadeempregosp.com.br\/envie-sua-vaga-aqui\/#breadcrumb\",\"itemListElement\":[{\"@type\":\"ListItem\",\"position\":1,\"name\":\"In\u00edcio\",\"item\":\"https:\/\/www.vagadeempregosp.com.br\/\"},{\"@type\":\"ListItem\",\"position\":2,\"name\":\"Envie sua VAGA aqui!\"}]},{\"@type\":\"WebSite\",\"@id\":\"https:\/\/www.vagadeempregosp.com.br\/#website\",\"url\":\"https:\/\/www.vagadeempregosp.com.br\/\",\"name\":\"Transformando Vidas com Tecnologia, Informa\u00e7\u00e3o e Oportunidades: Explore Nossa Jornada de Crescimento\",\"description\":\"Transformando Vidas com Tecnologia, Informa\u00e7\u00e3o e Oportunidades: Explore Nossa Jornada de Crescimento\",\"potentialAction\":[{\"@type\":\"SearchAction\",\"target\":{\"@type\":\"EntryPoint\",\"urlTemplate\":\"https:\/\/www.vagadeempregosp.com.br\/?s={search_term_string}\"},\"query-input\":{\"@type\":\"PropertyValueSpecification\",\"valueRequired\":true,\"valueName\":\"search_term_string\"}}],\"inLanguage\":\"en-US\"}]}<\/script>\n<!-- \/ Yoast SEO plugin. -->","yoast_head_json":{"title":"Submit your VACANCY here! - Transforming Lives with Technology, Information and Opportunities: Explore Our Growth Journey","robots":{"index":"index","follow":"follow","max-snippet":"max-snippet:-1","max-image-preview":"max-image-preview:large","max-video-preview":"max-video-preview:-1"},"canonical":"https:\/\/www.vagadeempregosp.com.br\/en\/send-your-vacancy-here\/","og_locale":"en_US","og_type":"article","og_title":"Envie sua VAGA aqui! - Transformando Vidas com Tecnologia, Informa\u00e7\u00e3o e Oportunidades: Explore Nossa Jornada de Crescimento","og_description":"FALE CONOSCO: Entre em Contato para Construirmos Juntos Nossa miss\u00e3o \u00e9 criar um ambiente de transforma\u00e7\u00e3o atrav\u00e9s de tecnologia, informa\u00e7\u00e3o e oportunidades. Seja para compartilhar suas ideias, esclarecer d\u00favidas ou sugerir melhorias, estamos aqui para ouvir voc\u00ea. Junte-se a n\u00f3s nessa jornada de crescimento e mudan\u00e7a.","og_url":"https:\/\/www.vagadeempregosp.com.br\/en\/send-your-vacancy-here\/","og_site_name":"Transformando Vidas com Tecnologia, Informa\u00e7\u00e3o e Oportunidades: Explore Nossa Jornada de Crescimento","article_modified_time":"2026-01-11T17:26:58+00:00","twitter_card":"summary_large_image","schema":{"@context":"https:\/\/schema.org","@graph":[{"@type":"WebPage","@id":"https:\/\/www.vagadeempregosp.com.br\/envie-sua-vaga-aqui\/","url":"https:\/\/www.vagadeempregosp.com.br\/envie-sua-vaga-aqui\/","name":"Submit your VACANCY here! - Transforming Lives with Technology, Information and Opportunities: Explore Our Growth Journey","isPartOf":{"@id":"https:\/\/www.vagadeempregosp.com.br\/#website"},"datePublished":"2020-03-04T22:03:48+00:00","dateModified":"2026-01-11T17:26:58+00:00","breadcrumb":{"@id":"https:\/\/www.vagadeempregosp.com.br\/envie-sua-vaga-aqui\/#breadcrumb"},"inLanguage":"en-US","potentialAction":[{"@type":"ReadAction","target":["https:\/\/www.vagadeempregosp.com.br\/envie-sua-vaga-aqui\/"]}]},{"@type":"BreadcrumbList","@id":"https:\/\/www.vagadeempregosp.com.br\/envie-sua-vaga-aqui\/#breadcrumb","itemListElement":[{"@type":"ListItem","position":1,"name":"In\u00edcio","item":"https:\/\/www.vagadeempregosp.com.br\/"},{"@type":"ListItem","position":2,"name":"Envie sua VAGA aqui!"}]},{"@type":"WebSite","@id":"https:\/\/www.vagadeempregosp.com.br\/#website","url":"https:\/\/www.vagadeempregosp.com.br\/","name":"Transforming Lives with Technology, Information and Opportunities: Explore Our Growth Journey","description":"Transforming Lives with Technology, Information and Opportunities: Explore Our Growth Journey","potentialAction":[{"@type":"SearchAction","target":{"@type":"EntryPoint","urlTemplate":"https:\/\/www.vagadeempregosp.com.br\/?s={search_term_string}"},"query-input":{"@type":"PropertyValueSpecification","valueRequired":true,"valueName":"search_term_string"}}],"inLanguage":"en-US"}]}},"_links":{"self":[{"href":"https:\/\/www.vagadeempregosp.com.br\/en\/wp-json\/wp\/v2\/pages\/19","targetHints":{"allow":["GET"]}}],"collection":[{"href":"https:\/\/www.vagadeempregosp.com.br\/en\/wp-json\/wp\/v2\/pages"}],"about":[{"href":"https:\/\/www.vagadeempregosp.com.br\/en\/wp-json\/wp\/v2\/types\/page"}],"author":[{"embeddable":true,"href":"https:\/\/www.vagadeempregosp.com.br\/en\/wp-json\/wp\/v2\/users\/1"}],"replies":[{"embeddable":true,"href":"https:\/\/www.vagadeempregosp.com.br\/en\/wp-json\/wp\/v2\/comments?post=19"}],"version-history":[{"count":14,"href":"https:\/\/www.vagadeempregosp.com.br\/en\/wp-json\/wp\/v2\/pages\/19\/revisions"}],"predecessor-version":[{"id":23263,"href":"https:\/\/www.vagadeempregosp.com.br\/en\/wp-json\/wp\/v2\/pages\/19\/revisions\/23263"}],"wp:attachment":[{"href":"https:\/\/www.vagadeempregosp.com.br\/en\/wp-json\/wp\/v2\/media?parent=19"}],"curies":[{"name":"wp","href":"https:\/\/api.w.org\/{rel}","templated":true}]}}