{"id":15,"date":"2020-03-04T18:57:42","date_gmt":"2020-03-04T21:57:42","guid":{"rendered":"https:\/\/www.vagadeempregosp.com.br\/?page_id=15"},"modified":"2026-01-11T14:25:26","modified_gmt":"2026-01-11T17:25:26","slug":"terms-of-use","status":"publish","type":"page","link":"https:\/\/www.vagadeempregosp.com.br\/en\/termos-de-uso\/","title":{"rendered":"Terms of Use"},"content":{"rendered":"<h1>Acceptance of our Terms<\/h1>\n<p><a href=\"https:\/\/www.vagadeempregosp.com.br\/en\/\" target=\"_blank\" rel=\"noopener\">Job Vacancy S\u00e3o Paulo<\/a> is a website advertising job vacancies in the state of S\u00e3o Paulo, available under the URL https:\/\/www.vagadeempregosp.com.br\/.<\/p>\n<p>The Services are subject to the Terms of Use (\u201cTerms\u201d), which may be updated at any time and whenever necessary. The Vaga de Emprego SP website aims to facilitate the CANDIDATE and the advertising companies in a digital format. The Vaga de Emprego SP website does not have the legal prerogative to monitor and\/or verify the accuracy of the information transmitted by the company regarding the characteristics of the advertised job opening.<\/p>\n<p>The website Vaga de Emprego SP is not responsible for the content or veracity of the job postings, the communications established between companies and candidates, nor the conduct of the selection processes by the companies advertising the job openings, which are solely responsible for them.<br \/>\nRegarding job openings, communications, and selection processes that they announce and\/or conduct, it is the CANDIDATE&#039;S responsibility to safeguard their best interests, which is why the<br \/>\nThe CANDIDATE expressly acknowledges and agrees that the Vaga de Emprego SP website cannot be held liable to the CANDIDATE or any other party.<br \/>\nThird, for losses and damages of any kind that may become known as a result of such negotiations, whether contractual, extra-contractual or of any other nature.<\/p>\n<p>The S\u00e3o Paulo Job Vacancy website may inform its users of significant changes to its Terms of Use by making them available on the Site; however, it is the User&#039;s responsibility to check the Terms periodically.<\/p>\n<p>By accessing our website, you agree to be bound by these Terms and Conditions (\u201cTerms\u201d). You also agree to our Privacy Policy, which is an integral part of these Terms, and accept the use of cookies on this website.<\/p>\n<p>If you object to any term or condition, guideline, or subsequent changes introduced to our website, we recommend that you immediately discontinue use of the website.<\/p>","protected":false},"excerpt":{"rendered":"<p>Aceita\u00e7\u00e3o dos nossos Termos Vaga de Emprego S\u00e3o Paulo \u00e9 um site de an\u00fancios de vagas de emprego no Estado de S\u00e3o Paulo, dispon\u00edvel sob a URL https:\/\/www.vagadeempregosp.com.br\/. Os Servi\u00e7os est\u00e3o sujeitos aos Termos de Uso (&#8220;Termos&#8221;), que poder\u00e3o ser atualizados a qualquer momento e sempre que necess\u00e1rio. O site Vaga de Emprego SP atua&hellip;&nbsp;<\/p>","protected":false},"author":1,"featured_media":0,"parent":0,"menu_order":0,"comment_status":"closed","ping_status":"closed","template":"","meta":{"neve_meta_sidebar":"","neve_meta_container":"","neve_meta_enable_content_width":"","neve_meta_content_width":0,"neve_meta_title_alignment":"","neve_meta_author_avatar":"","neve_post_elements_order":"","neve_meta_disable_header":"","neve_meta_disable_footer":"","neve_meta_disable_title":"","footnotes":""},"class_list":["post-15","page","type-page","status-publish","hentry"],"yoast_head":"<!-- This site is optimized with the Yoast SEO plugin v27.1.1 - https:\/\/yoast.com\/product\/yoast-seo-wordpress\/ -->\n<title>Termos de Uso - Transformando Vidas com Tecnologia, Informa\u00e7\u00e3o e Oportunidades: Explore Nossa Jornada de Crescimento<\/title>\n<meta name=\"robots\" content=\"index, follow, max-snippet:-1, max-image-preview:large, max-video-preview:-1\" \/>\n<link rel=\"canonical\" href=\"https:\/\/www.vagadeempregosp.com.br\/en\/terms-of-use\/\" \/>\n<meta property=\"og:locale\" content=\"en_US\" \/>\n<meta property=\"og:type\" content=\"article\" \/>\n<meta property=\"og:title\" content=\"Termos de Uso - Transformando Vidas com Tecnologia, Informa\u00e7\u00e3o e Oportunidades: Explore Nossa Jornada de Crescimento\" \/>\n<meta property=\"og:description\" content=\"Aceita\u00e7\u00e3o dos nossos Termos Vaga de Emprego S\u00e3o Paulo \u00e9 um site de an\u00fancios de vagas de emprego no Estado de S\u00e3o Paulo, dispon\u00edvel sob a URL https:\/\/www.vagadeempregosp.com.br\/. Os Servi\u00e7os est\u00e3o sujeitos aos Termos de Uso (&#8220;Termos&#8221;), que poder\u00e3o ser atualizados a qualquer momento e sempre que necess\u00e1rio. O site Vaga de Emprego SP atua&hellip;&nbsp;\" \/>\n<meta property=\"og:url\" content=\"https:\/\/www.vagadeempregosp.com.br\/en\/terms-of-use\/\" \/>\n<meta property=\"og:site_name\" content=\"Transformando Vidas com Tecnologia, Informa\u00e7\u00e3o e Oportunidades: Explore Nossa Jornada de Crescimento\" \/>\n<meta property=\"article:modified_time\" content=\"2026-01-11T17:25:26+00:00\" \/>\n<meta name=\"twitter:card\" content=\"summary_large_image\" \/>\n<meta name=\"twitter:label1\" content=\"Est. reading time\" \/>\n\t<meta name=\"twitter:data1\" content=\"2 minutes\" \/>\n<script type=\"application\/ld+json\" class=\"yoast-schema-graph\">{\"@context\":\"https:\/\/schema.org\",\"@graph\":[{\"@type\":\"WebPage\",\"@id\":\"https:\/\/www.vagadeempregosp.com.br\/termos-de-uso\/\",\"url\":\"https:\/\/www.vagadeempregosp.com.br\/termos-de-uso\/\",\"name\":\"Termos de Uso - Transformando Vidas com Tecnologia, Informa\u00e7\u00e3o e Oportunidades: Explore Nossa Jornada de Crescimento\",\"isPartOf\":{\"@id\":\"https:\/\/www.vagadeempregosp.com.br\/#website\"},\"datePublished\":\"2020-03-04T21:57:42+00:00\",\"dateModified\":\"2026-01-11T17:25:26+00:00\",\"breadcrumb\":{\"@id\":\"https:\/\/www.vagadeempregosp.com.br\/termos-de-uso\/#breadcrumb\"},\"inLanguage\":\"en-US\",\"potentialAction\":[{\"@type\":\"ReadAction\",\"target\":[\"https:\/\/www.vagadeempregosp.com.br\/termos-de-uso\/\"]}]},{\"@type\":\"BreadcrumbList\",\"@id\":\"https:\/\/www.vagadeempregosp.com.br\/termos-de-uso\/#breadcrumb\",\"itemListElement\":[{\"@type\":\"ListItem\",\"position\":1,\"name\":\"In\u00edcio\",\"item\":\"https:\/\/www.vagadeempregosp.com.br\/\"},{\"@type\":\"ListItem\",\"position\":2,\"name\":\"Termos de Uso\"}]},{\"@type\":\"WebSite\",\"@id\":\"https:\/\/www.vagadeempregosp.com.br\/#website\",\"url\":\"https:\/\/www.vagadeempregosp.com.br\/\",\"name\":\"Transformando Vidas com Tecnologia, Informa\u00e7\u00e3o e Oportunidades: Explore Nossa Jornada de Crescimento\",\"description\":\"Transformando Vidas com Tecnologia, Informa\u00e7\u00e3o e Oportunidades: Explore Nossa Jornada de Crescimento\",\"potentialAction\":[{\"@type\":\"SearchAction\",\"target\":{\"@type\":\"EntryPoint\",\"urlTemplate\":\"https:\/\/www.vagadeempregosp.com.br\/?s={search_term_string}\"},\"query-input\":{\"@type\":\"PropertyValueSpecification\",\"valueRequired\":true,\"valueName\":\"search_term_string\"}}],\"inLanguage\":\"en-US\"}]}<\/script>\n<!-- \/ Yoast SEO plugin. -->","yoast_head_json":{"title":"Terms of Use - Transforming Lives with Technology, Information and Opportunities: Explore Our Growth Journey","robots":{"index":"index","follow":"follow","max-snippet":"max-snippet:-1","max-image-preview":"max-image-preview:large","max-video-preview":"max-video-preview:-1"},"canonical":"https:\/\/www.vagadeempregosp.com.br\/en\/terms-of-use\/","og_locale":"en_US","og_type":"article","og_title":"Termos de Uso - Transformando Vidas com Tecnologia, Informa\u00e7\u00e3o e Oportunidades: Explore Nossa Jornada de Crescimento","og_description":"Aceita\u00e7\u00e3o dos nossos Termos Vaga de Emprego S\u00e3o Paulo \u00e9 um site de an\u00fancios de vagas de emprego no Estado de S\u00e3o Paulo, dispon\u00edvel sob a URL https:\/\/www.vagadeempregosp.com.br\/. Os Servi\u00e7os est\u00e3o sujeitos aos Termos de Uso (&#8220;Termos&#8221;), que poder\u00e3o ser atualizados a qualquer momento e sempre que necess\u00e1rio. O site Vaga de Emprego SP atua&hellip;&nbsp;","og_url":"https:\/\/www.vagadeempregosp.com.br\/en\/terms-of-use\/","og_site_name":"Transformando Vidas com Tecnologia, Informa\u00e7\u00e3o e Oportunidades: Explore Nossa Jornada de Crescimento","article_modified_time":"2026-01-11T17:25:26+00:00","twitter_card":"summary_large_image","twitter_misc":{"Est. reading time":"2 minutes"},"schema":{"@context":"https:\/\/schema.org","@graph":[{"@type":"WebPage","@id":"https:\/\/www.vagadeempregosp.com.br\/termos-de-uso\/","url":"https:\/\/www.vagadeempregosp.com.br\/termos-de-uso\/","name":"Terms of Use - Transforming Lives with Technology, Information and Opportunities: Explore Our Growth Journey","isPartOf":{"@id":"https:\/\/www.vagadeempregosp.com.br\/#website"},"datePublished":"2020-03-04T21:57:42+00:00","dateModified":"2026-01-11T17:25:26+00:00","breadcrumb":{"@id":"https:\/\/www.vagadeempregosp.com.br\/termos-de-uso\/#breadcrumb"},"inLanguage":"en-US","potentialAction":[{"@type":"ReadAction","target":["https:\/\/www.vagadeempregosp.com.br\/termos-de-uso\/"]}]},{"@type":"BreadcrumbList","@id":"https:\/\/www.vagadeempregosp.com.br\/termos-de-uso\/#breadcrumb","itemListElement":[{"@type":"ListItem","position":1,"name":"In\u00edcio","item":"https:\/\/www.vagadeempregosp.com.br\/"},{"@type":"ListItem","position":2,"name":"Termos de Uso"}]},{"@type":"WebSite","@id":"https:\/\/www.vagadeempregosp.com.br\/#website","url":"https:\/\/www.vagadeempregosp.com.br\/","name":"Transforming Lives with Technology, Information and Opportunities: Explore Our Growth Journey","description":"Transforming Lives with Technology, Information and Opportunities: Explore Our Growth Journey","potentialAction":[{"@type":"SearchAction","target":{"@type":"EntryPoint","urlTemplate":"https:\/\/www.vagadeempregosp.com.br\/?s={search_term_string}"},"query-input":{"@type":"PropertyValueSpecification","valueRequired":true,"valueName":"search_term_string"}}],"inLanguage":"en-US"}]}},"_links":{"self":[{"href":"https:\/\/www.vagadeempregosp.com.br\/en\/wp-json\/wp\/v2\/pages\/15","targetHints":{"allow":["GET"]}}],"collection":[{"href":"https:\/\/www.vagadeempregosp.com.br\/en\/wp-json\/wp\/v2\/pages"}],"about":[{"href":"https:\/\/www.vagadeempregosp.com.br\/en\/wp-json\/wp\/v2\/types\/page"}],"author":[{"embeddable":true,"href":"https:\/\/www.vagadeempregosp.com.br\/en\/wp-json\/wp\/v2\/users\/1"}],"replies":[{"embeddable":true,"href":"https:\/\/www.vagadeempregosp.com.br\/en\/wp-json\/wp\/v2\/comments?post=15"}],"version-history":[{"count":12,"href":"https:\/\/www.vagadeempregosp.com.br\/en\/wp-json\/wp\/v2\/pages\/15\/revisions"}],"predecessor-version":[{"id":23258,"href":"https:\/\/www.vagadeempregosp.com.br\/en\/wp-json\/wp\/v2\/pages\/15\/revisions\/23258"}],"wp:attachment":[{"href":"https:\/\/www.vagadeempregosp.com.br\/en\/wp-json\/wp\/v2\/media?parent=15"}],"curies":[{"name":"wp","href":"https:\/\/api.w.org\/{rel}","templated":true}]}}